{"id":7,"date":"2022-07-14T14:34:53","date_gmt":"2022-07-14T14:34:53","guid":{"rendered":"https:\/\/cafe1907.com\/?page_id=7"},"modified":"2022-07-14T14:34:54","modified_gmt":"2022-07-14T14:34:54","slug":"la-cuina","status":"publish","type":"page","link":"https:\/\/cafe1907.com\/?page_id=7","title":{"rendered":"LA CUINA"},"content":{"rendered":"\n<figure class=\"wp-block-image size-full\"><img loading=\"lazy\" width=\"840\" height=\"300\" src=\"https:\/\/cafe1907.com\/wp-content\/uploads\/2022\/07\/cuina.jpg\" alt=\"\" class=\"wp-image-15\" srcset=\"https:\/\/cafe1907.com\/wp-content\/uploads\/2022\/07\/cuina.jpg 840w, https:\/\/cafe1907.com\/wp-content\/uploads\/2022\/07\/cuina-300x107.jpg 300w, https:\/\/cafe1907.com\/wp-content\/uploads\/2022\/07\/cuina-768x274.jpg 768w\" sizes=\"(max-width: 840px) 100vw, 840px\" \/><\/figure>\n\n\n\n<p>Xavier Sala elabora una cuina de temporada, de proximitat i ecol\u00f2gica. Les mat\u00e8ries primeres s\u00f3n el m\u00e9s important, on es sustenta la nostra cuina: \u201ccuina de producte, la vraie cuisine\u201d.<\/p>\n\n\n\n<p>Al Cafe 1907 creiem en una cuina aut\u00e8ntica, inspirada en la tradici\u00f3 i basada en el producte.<\/p>\n","protected":false},"excerpt":{"rendered":"<p>Xavier Sala elabora una cuina de temporada, de proximitat i ecol\u00f2gica. Les mat\u00e8ries primeres s\u00f3n el m\u00e9s important, on es sustenta la nostra cuina: \u201ccuina<\/p>\n","protected":false},"author":1,"featured_media":0,"parent":0,"menu_order":0,"comment_status":"closed","ping_status":"closed","template":"","meta":[],"_links":{"self":[{"href":"https:\/\/cafe1907.com\/index.php?rest_route=\/wp\/v2\/pages\/7"}],"collection":[{"href":"https:\/\/cafe1907.com\/index.php?rest_route=\/wp\/v2\/pages"}],"about":[{"href":"https:\/\/cafe1907.com\/index.php?rest_route=\/wp\/v2\/types\/page"}],"author":[{"embeddable":true,"href":"https:\/\/cafe1907.com\/index.php?rest_route=\/wp\/v2\/users\/1"}],"replies":[{"embeddable":true,"href":"https:\/\/cafe1907.com\/index.php?rest_route=%2Fwp%2Fv2%2Fcomments&post=7"}],"version-history":[{"count":1,"href":"https:\/\/cafe1907.com\/index.php?rest_route=\/wp\/v2\/pages\/7\/revisions"}],"predecessor-version":[{"id":16,"href":"https:\/\/cafe1907.com\/index.php?rest_route=\/wp\/v2\/pages\/7\/revisions\/16"}],"wp:attachment":[{"href":"https:\/\/cafe1907.com\/index.php?rest_route=%2Fwp%2Fv2%2Fmedia&parent=7"}],"curies":[{"name":"wp","href":"https:\/\/api.w.org\/{rel}","templated":true}]}}